{"id":21015,"date":"2022-07-01T09:11:10","date_gmt":"2022-07-01T07:11:10","guid":{"rendered":"https:\/\/www.yellowpill.be\/confirmation-reunionpancreas\/"},"modified":"2022-07-01T09:11:10","modified_gmt":"2022-07-01T07:11:10","slug":"confirmation-reunionpancreas","status":"publish","type":"page","link":"https:\/\/www.yellowpill.be\/en\/confirmation-reunionpancreas\/","title":{"rendered":"Confirmation reunion pancreas"},"content":{"rendered":"<div class=\"wpb-content-wrapper\"><p>[vc_row gap=&#8221;20&#8243; equal_height=&#8221;yes&#8221; content_placement=&#8221;middle&#8221; css=&#8221;.vc_custom_1656660053375{margin-bottom: 50px !important;}&#8221;][vc_column][vc_single_image image=&#8221;13534&#8243; img_size=&#8221;250&#215;74&#8243; css=&#8221;.vc_custom_1617191618603{margin-bottom: 80px !important;}&#8221;][\/vc_column][vc_column width=&#8221;2\/3&#8243;]<div id=\"ultimate-heading-545069f27cf577c7c\" class=\"uvc-heading ult-adjust-bottom-margin ultimate-heading-545069f27cf577c7c uvc-2597 \" data-hspacer=\"no_spacer\"  data-halign=\"left\" style=\"text-align:left\"><div class=\"uvc-heading-spacer no_spacer\" style=\"top\"><\/div><div class=\"uvc-main-heading ult-responsive\"  data-ultimate-target='.uvc-heading.ultimate-heading-545069f27cf577c7c h2'  data-responsive-json-new='{\"font-size\":\"desktop:40px;tablet:40px;tablet_portrait:30px;mobile_landscape:30px;mobile:30px;\",\"line-height\":\"desktop:50px;tablet:50px;tablet_portrait:40px;mobile_landscape:40px;mobile:40px;\"}' ><h2 style=\"font-family:&#039;Quattrocento Sans&#039;;font-weight:bold;color:#ca406e;margin-bottom:25px;\">Cher Docteur\/Professeur,<\/h2><\/div><div class=\"uvc-sub-heading ult-responsive\"  data-ultimate-target='.uvc-heading.ultimate-heading-545069f27cf577c7c .uvc-sub-heading '  data-responsive-json-new='{\"font-size\":\"desktop:18px;tablet:18px;tablet_portrait:18px;mobile_landscape:18px;mobile:18px;\",\"line-height\":\"desktop:28px;tablet:28px;tablet_portrait:28px;mobile_landscape:28px;mobile:28px;\"}'  style=\"font-family:&#039;Quattrocento Sans&#039;;font-weight:normal;color:#4a7994;\">Nous vous remercions pour votre inscription \u00e0 la r\u00e9union <strong>&#8220;Prise en charge p\u00e9riop\u00e9ratoire du cancer du pancr\u00e9as&#8221;<\/strong> le jeudi 20 octobre 2022 \u00e0 19h00.<\/p>\n<p>Cliquez sur la pi\u00e8ce jointe pour ajouter cette r\u00e9union \u00e0 votre calendrier, avec le lien TEAMS.<\/p>\n<p>Nous vous enverrons \u00e9galement un rappel peu avant l&#8217;\u00e9v\u00e9nement avec toutes les informations.<br \/>\nSi vous avez des questions, n&#8217;h\u00e9sitez pas \u00e0 nous contacter.<\/p>\n<p>A bient\u00f4t !<\/div><\/div><div class=\"ult-spacer spacer-69f27cf577d57\" data-id=\"69f27cf577d57\" data-height=\"30\" data-height-mobile=\"30\" data-height-tab=\"30\" data-height-tab-portrait=\"30\" data-height-mobile-landscape=\"30\" style=\"clear:both;display:block;\"><\/div><div id=\"ultimate-heading-249769f27cf577db7\" class=\"uvc-heading ult-adjust-bottom-margin ultimate-heading-249769f27cf577db7 uvc-3643 \" data-hspacer=\"no_spacer\"  data-halign=\"left\" style=\"text-align:left\"><div class=\"uvc-heading-spacer no_spacer\" style=\"top\"><\/div><div class=\"uvc-main-heading ult-responsive\"  data-ultimate-target='.uvc-heading.ultimate-heading-249769f27cf577db7 h2'  data-responsive-json-new='{\"font-size\":\"desktop:20px;tablet:20px;tablet_portrait:20px;mobile_landscape:20px;mobile:20px;\",\"line-height\":\"desktop:30px;tablet:30px;tablet_portrait:30px;mobile_landscape:30px;mobile:30px;\"}' ><h2 style=\"font-family:&#039;Quattrocento Sans&#039;;font-weight:bold;color:#ca406e;margin-bottom:10px;\">Kaatje CLARYS<\/h2><\/div><div class=\"uvc-sub-heading ult-responsive\"  data-ultimate-target='.uvc-heading.ultimate-heading-249769f27cf577db7 .uvc-sub-heading '  data-responsive-json-new='{\"font-size\":\"desktop:16px;tablet_portrait:18px;mobile_landscape:18px;mobile:18px;\",\"line-height\":\"desktop:26px;tablet:28px;tablet_portrait:28px;mobile_landscape:28px;mobile:28px;\"}'  style=\"font-family:&#039;Quattrocento Sans&#039;;font-weight:normal;color:#4a7994;margin-bottom:35px;\">Medical Science Liaison Somatuline\u00ae Autogel\u00ae<\/p>\n<p><a href=\"mailto:kaatje.clarys.ext@ipsen.com\">kaatje.clarys.ext@ipsen.com<\/a><\/p>\n<p>+32(0)491 72 50 02<\/div><\/div>[\/vc_column][vc_column width=&#8221;1\/3&#8243; css=&#8221;.vc_custom_1656659911849{padding-top: 40px !important;padding-bottom: 40px !important;background-color: #ca406e !important;background-position: center !important;background-repeat: no-repeat !important;background-size: cover !important;}&#8221;]<div class=\"ult-just-icon-wrapper  \"><div class=\"align-icon\" style=\"text-align:center;\">\n<div class=\"aio-icon none \"  style=\"color:#ffffff;font-size:85px;display:inline-block;\">\n\t<i class=\"far fa-check-circle\"><\/i>\n<\/div><\/div><\/div>[\/vc_column][\/vc_row][vc_row css=&#8221;.vc_custom_1617193930940{margin-top: 80px !important;}&#8221;][vc_column]<style type=\"text\/css\" data-type=\"the7_shortcodes-inline-css\">.shortcode-single-image-wrap.shortcode-single-image-6d254450cdda7fcb930df82cd825e16d.enable-bg-rollover .rollover i,\n.shortcode-single-image-wrap.shortcode-single-image-6d254450cdda7fcb930df82cd825e16d.enable-bg-rollover .rollover-video i {\n  background: -webkit-linear-gradient();\n  background: linear-gradient();\n}\n.shortcode-single-image-wrap.shortcode-single-image-6d254450cdda7fcb930df82cd825e16d .rollover-icon {\n  font-size: 32px;\n  color: #ffffff;\n  min-width: 44px;\n  min-height: 44px;\n  line-height: 44px;\n  border-radius: 100px;\n  border-style: solid;\n  border-width: 0px;\n}\n.dt-icon-bg-on.shortcode-single-image-wrap.shortcode-single-image-6d254450cdda7fcb930df82cd825e16d .rollover-icon {\n  background: rgba(255,255,255,0.3);\n  box-shadow: none;\n}<\/style><div class=\"shortcode-single-image-wrap shortcode-single-image-6d254450cdda7fcb930df82cd825e16d alignnone  vc_custom_1656595203512 enable-bg-rollover dt-icon-bg-off\" ><div class=\"shortcode-single-image\"><div class=\"fancy-media-wrap  layzr-bg\" style=\"\"><img decoding=\"async\" class=\"preload-me lazy-load aspect\" src=\"data:image\/svg+xml,%3Csvg%20xmlns%3D&#39;http%3A%2F%2Fwww.w3.org%2F2000%2Fsvg&#39;%20viewBox%3D&#39;0%200%20500%2049&#39;%2F%3E\" data-src=\"https:\/\/www.yellowpill.be\/wp-content\/uploads\/2022\/06\/logo-ipsen-500x49.png\" data-srcset=\"https:\/\/www.yellowpill.be\/wp-content\/uploads\/2022\/06\/logo-ipsen-500x49.png 500w, https:\/\/www.yellowpill.be\/wp-content\/uploads\/2022\/06\/logo-ipsen.png 512w\" loading=\"eager\" sizes=\"(max-width: 500px) 100vw, 500px\" width=\"500\" height=\"49\"  data-dt-location=\"https:\/\/www.yellowpill.be\/en\/ipsen_reunioncancerdupancreas\/logo-ipsen-2\/\" style=\"--ratio: 500 \/ 49;\" alt=\"\" \/><\/div><\/div><\/div>[vc_single_image image=&#8221;13534&#8243; img_size=&#8221;150&#215;44&#8243; alignment=&#8221;center&#8221; css=&#8221;.vc_custom_1617194080818{margin-bottom: 10px !important;}&#8221;][vc_column_text css=&#8221;.vc_custom_1617194093036{margin-bottom: 0px !important;margin-left: 25px !important;}&#8221;]<\/p>\n<p style=\"text-align: center;\"><a style=\"color: #0087cc; font-size: 12px;\" href=\"https:\/\/www.ipsen.com\/data-privacy\/\" target=\"_blank\" rel=\"noopener\">Data privacy policy<\/a><\/p>\n<p>[\/vc_column_text][\/vc_column][\/vc_row]<\/p>\n<\/div>","protected":false},"excerpt":{"rendered":"<p>[vc_row gap=&#8221;20&#8243; equal_height=&#8221;yes&#8221; content_placement=&#8221;middle&#8221; css=&#8221;.vc_custom_1656660053375{margin-bottom: 50px !important;}&#8221;][vc_column][vc_single_image image=&#8221;13534&#8243; img_size=&#8221;250&#215;74&#8243; css=&#8221;.vc_custom_1617191618603{margin-bottom: 80px !important;}&#8221;][\/vc_column][vc_column width=&#8221;2\/3&#8243;][\/vc_column][vc_column width=&#8221;1\/3&#8243; css=&#8221;.vc_custom_1656659911849{padding-top: 40px !important;padding-bottom: 40px !important;background-color: #ca406e !important;background-position: center !important;background-repeat: no-repeat !important;background-size: cover !important;}&#8221;][\/vc_column][\/vc_row][vc_row css=&#8221;.vc_custom_1617193930940{margin-top: 80px !important;}&#8221;][vc_column][vc_single_image image=&#8221;13534&#8243; img_size=&#8221;150&#215;44&#8243; alignment=&#8221;center&#8221; css=&#8221;.vc_custom_1617194080818{margin-bottom: 10px !important;}&#8221;][vc_column_text css=&#8221;.vc_custom_1617194093036{margin-bottom: 0px !important;margin-left: 25px !important;}&#8221;] Data privacy policy [\/vc_column_text][\/vc_column][\/vc_row]<\/p>\n","protected":false},"author":5,"featured_media":0,"parent":0,"menu_order":0,"comment_status":"closed","ping_status":"closed","template":"template-microsite.php","meta":{"inline_featured_image":false,"footnotes":""},"class_list":["post-21015","page","type-page","status-publish","hentry","description-off"],"yoast_head":"<!-- This site is optimized with the Yoast SEO plugin v26.8 - https:\/\/yoast.com\/product\/yoast-seo-wordpress\/ -->\n<title>Confirmation reunion pancreas - Yellow Pill<\/title>\n<meta name=\"robots\" content=\"index, follow, max-snippet:-1, max-image-preview:large, max-video-preview:-1\" \/>\n<link rel=\"canonical\" href=\"https:\/\/www.yellowpill.be\/confirmation-reunionpancreas\/\" \/>\n<meta property=\"og:locale\" content=\"en_US\" \/>\n<meta property=\"og:type\" content=\"article\" \/>\n<meta property=\"og:title\" content=\"Confirmation reunion pancreas - Yellow Pill\" \/>\n<meta property=\"og:description\" content=\"[vc_row gap=&#8221;20&#8243; equal_height=&#8221;yes&#8221; content_placement=&#8221;middle&#8221; css=&#8221;.vc_custom_1656660053375{margin-bottom: 50px !important;}&#8221;][vc_column][vc_single_image image=&#8221;13534&#8243; img_size=&#8221;250&#215;74&#8243; css=&#8221;.vc_custom_1617191618603{margin-bottom: 80px !important;}&#8221;][\/vc_column][vc_column width=&#8221;2\/3&#8243;][\/vc_column][vc_column width=&#8221;1\/3&#8243; css=&#8221;.vc_custom_1656659911849{padding-top: 40px !important;padding-bottom: 40px !important;background-color: #ca406e !important;background-position: center !important;background-repeat: no-repeat !important;background-size: cover !important;}&#8221;][\/vc_column][\/vc_row][vc_row css=&#8221;.vc_custom_1617193930940{margin-top: 80px !important;}&#8221;][vc_column][vc_single_image image=&#8221;13534&#8243; img_size=&#8221;150&#215;44&#8243; alignment=&#8221;center&#8221; css=&#8221;.vc_custom_1617194080818{margin-bottom: 10px !important;}&#8221;][vc_column_text css=&#8221;.vc_custom_1617194093036{margin-bottom: 0px !important;margin-left: 25px !important;}&#8221;] Data privacy policy [\/vc_column_text][\/vc_column][\/vc_row]\" \/>\n<meta property=\"og:url\" content=\"https:\/\/www.yellowpill.be\/confirmation-reunionpancreas\/\" \/>\n<meta property=\"og:site_name\" content=\"Yellow Pill\" \/>\n<meta name=\"twitter:card\" content=\"summary_large_image\" \/>\n<meta name=\"twitter:label1\" content=\"Est. reading time\" \/>\n\t<meta name=\"twitter:data1\" content=\"1 minute\" \/>\n<script type=\"application\/ld+json\" class=\"yoast-schema-graph\">{\"@context\":\"https:\/\/schema.org\",\"@graph\":[{\"@type\":\"WebPage\",\"@id\":\"https:\/\/www.yellowpill.be\/confirmation-reunionpancreas\/\",\"url\":\"https:\/\/www.yellowpill.be\/confirmation-reunionpancreas\/\",\"name\":\"Confirmation reunion pancreas - Yellow Pill\",\"isPartOf\":{\"@id\":\"https:\/\/www.yellowpill.be\/#website\"},\"datePublished\":\"2022-07-01T07:11:10+00:00\",\"breadcrumb\":{\"@id\":\"https:\/\/www.yellowpill.be\/confirmation-reunionpancreas\/#breadcrumb\"},\"inLanguage\":\"en-US\",\"potentialAction\":[{\"@type\":\"ReadAction\",\"target\":[\"https:\/\/www.yellowpill.be\/confirmation-reunionpancreas\/\"]}]},{\"@type\":\"BreadcrumbList\",\"@id\":\"https:\/\/www.yellowpill.be\/confirmation-reunionpancreas\/#breadcrumb\",\"itemListElement\":[{\"@type\":\"ListItem\",\"position\":1,\"name\":\"Home\",\"item\":\"https:\/\/www.yellowpill.be\/en\/\"},{\"@type\":\"ListItem\",\"position\":2,\"name\":\"Confirmation reunion pancreas\"}]},{\"@type\":\"WebSite\",\"@id\":\"https:\/\/www.yellowpill.be\/#website\",\"url\":\"https:\/\/www.yellowpill.be\/\",\"name\":\"Yellow Pill\",\"description\":\"\",\"potentialAction\":[{\"@type\":\"SearchAction\",\"target\":{\"@type\":\"EntryPoint\",\"urlTemplate\":\"https:\/\/www.yellowpill.be\/?s={search_term_string}\"},\"query-input\":{\"@type\":\"PropertyValueSpecification\",\"valueRequired\":true,\"valueName\":\"search_term_string\"}}],\"inLanguage\":\"en-US\"}]}<\/script>\n<!-- \/ Yoast SEO plugin. -->","yoast_head_json":{"title":"Confirmation reunion pancreas - Yellow Pill","robots":{"index":"index","follow":"follow","max-snippet":"max-snippet:-1","max-image-preview":"max-image-preview:large","max-video-preview":"max-video-preview:-1"},"canonical":"https:\/\/www.yellowpill.be\/confirmation-reunionpancreas\/","og_locale":"en_US","og_type":"article","og_title":"Confirmation reunion pancreas - Yellow Pill","og_description":"[vc_row gap=&#8221;20&#8243; equal_height=&#8221;yes&#8221; content_placement=&#8221;middle&#8221; css=&#8221;.vc_custom_1656660053375{margin-bottom: 50px !important;}&#8221;][vc_column][vc_single_image image=&#8221;13534&#8243; img_size=&#8221;250&#215;74&#8243; css=&#8221;.vc_custom_1617191618603{margin-bottom: 80px !important;}&#8221;][\/vc_column][vc_column width=&#8221;2\/3&#8243;][\/vc_column][vc_column width=&#8221;1\/3&#8243; css=&#8221;.vc_custom_1656659911849{padding-top: 40px !important;padding-bottom: 40px !important;background-color: #ca406e !important;background-position: center !important;background-repeat: no-repeat !important;background-size: cover !important;}&#8221;][\/vc_column][\/vc_row][vc_row css=&#8221;.vc_custom_1617193930940{margin-top: 80px !important;}&#8221;][vc_column][vc_single_image image=&#8221;13534&#8243; img_size=&#8221;150&#215;44&#8243; alignment=&#8221;center&#8221; css=&#8221;.vc_custom_1617194080818{margin-bottom: 10px !important;}&#8221;][vc_column_text css=&#8221;.vc_custom_1617194093036{margin-bottom: 0px !important;margin-left: 25px !important;}&#8221;] Data privacy policy [\/vc_column_text][\/vc_column][\/vc_row]","og_url":"https:\/\/www.yellowpill.be\/confirmation-reunionpancreas\/","og_site_name":"Yellow Pill","twitter_card":"summary_large_image","twitter_misc":{"Est. reading time":"1 minute"},"schema":{"@context":"https:\/\/schema.org","@graph":[{"@type":"WebPage","@id":"https:\/\/www.yellowpill.be\/confirmation-reunionpancreas\/","url":"https:\/\/www.yellowpill.be\/confirmation-reunionpancreas\/","name":"Confirmation reunion pancreas - Yellow Pill","isPartOf":{"@id":"https:\/\/www.yellowpill.be\/#website"},"datePublished":"2022-07-01T07:11:10+00:00","breadcrumb":{"@id":"https:\/\/www.yellowpill.be\/confirmation-reunionpancreas\/#breadcrumb"},"inLanguage":"en-US","potentialAction":[{"@type":"ReadAction","target":["https:\/\/www.yellowpill.be\/confirmation-reunionpancreas\/"]}]},{"@type":"BreadcrumbList","@id":"https:\/\/www.yellowpill.be\/confirmation-reunionpancreas\/#breadcrumb","itemListElement":[{"@type":"ListItem","position":1,"name":"Home","item":"https:\/\/www.yellowpill.be\/en\/"},{"@type":"ListItem","position":2,"name":"Confirmation reunion pancreas"}]},{"@type":"WebSite","@id":"https:\/\/www.yellowpill.be\/#website","url":"https:\/\/www.yellowpill.be\/","name":"Yellow Pill","description":"","potentialAction":[{"@type":"SearchAction","target":{"@type":"EntryPoint","urlTemplate":"https:\/\/www.yellowpill.be\/?s={search_term_string}"},"query-input":{"@type":"PropertyValueSpecification","valueRequired":true,"valueName":"search_term_string"}}],"inLanguage":"en-US"}]}},"_links":{"self":[{"href":"https:\/\/www.yellowpill.be\/en\/wp-json\/wp\/v2\/pages\/21015","targetHints":{"allow":["GET"]}}],"collection":[{"href":"https:\/\/www.yellowpill.be\/en\/wp-json\/wp\/v2\/pages"}],"about":[{"href":"https:\/\/www.yellowpill.be\/en\/wp-json\/wp\/v2\/types\/page"}],"author":[{"embeddable":true,"href":"https:\/\/www.yellowpill.be\/en\/wp-json\/wp\/v2\/users\/5"}],"replies":[{"embeddable":true,"href":"https:\/\/www.yellowpill.be\/en\/wp-json\/wp\/v2\/comments?post=21015"}],"version-history":[{"count":0,"href":"https:\/\/www.yellowpill.be\/en\/wp-json\/wp\/v2\/pages\/21015\/revisions"}],"wp:attachment":[{"href":"https:\/\/www.yellowpill.be\/en\/wp-json\/wp\/v2\/media?parent=21015"}],"curies":[{"name":"wp","href":"https:\/\/api.w.org\/{rel}","templated":true}]}}