{"id":4941,"date":"2019-06-25T10:43:31","date_gmt":"2019-06-25T08:43:31","guid":{"rendered":"https:\/\/www.yellowpill.be\/contact\/"},"modified":"2024-01-26T12:25:30","modified_gmt":"2024-01-26T11:25:30","slug":"contact","status":"publish","type":"page","link":"https:\/\/www.yellowpill.be\/en\/contact\/","title":{"rendered":"Contact"},"content":{"rendered":"<div class=\"wpb-content-wrapper\"><p>[vc_row full_width=&#8221;stretch_row&#8221; full_height=&#8221;yes&#8221; columns_placement=&#8221;stretch&#8221; equal_height=&#8221;yes&#8221; content_placement=&#8221;middle&#8221; bg_type=&#8221;bg_color&#8221; bg_override=&#8221;ex-full&#8221; css=&#8221;.vc_custom_1704813478010{padding-right: 0px !important;}&#8221; bg_color_value=&#8221;#fff2b3&#8243;][vc_column width=&#8221;1\/2&#8243; css=&#8221;.vc_custom_1704813603410{padding-top: 80px !important;padding-right: 10% !important;padding-bottom: 80px !important;}&#8221;][vc_column_text css=&#8221;.vc_custom_1704983197865{margin-bottom: 50px !important;}&#8221;]<\/p>\n<h2>Leave us a message<\/h2>\n<p>[\/vc_column_text]\n<div class=\"wpcf7 no-js\" id=\"wpcf7-f4938-o1\" lang=\"fr-FR\" dir=\"ltr\" data-wpcf7-id=\"4938\">\n<div class=\"screen-reader-response\"><p role=\"status\" aria-live=\"polite\" aria-atomic=\"true\"><\/p> <ul><\/ul><\/div>\n<form action=\"\/en\/wp-json\/wp\/v2\/pages\/4941#wpcf7-f4938-o1\" method=\"post\" class=\"wpcf7-form init\" aria-label=\"Formulaire de contact\" novalidate=\"novalidate\" data-status=\"init\">\n<fieldset class=\"hidden-fields-container\"><input type=\"hidden\" name=\"_wpcf7\" value=\"4938\" \/><input type=\"hidden\" name=\"_wpcf7_version\" value=\"6.1.4\" \/><input type=\"hidden\" name=\"_wpcf7_locale\" value=\"fr_FR\" \/><input type=\"hidden\" name=\"_wpcf7_unit_tag\" value=\"wpcf7-f4938-o1\" \/><input type=\"hidden\" name=\"_wpcf7_container_post\" value=\"0\" \/><input type=\"hidden\" name=\"_wpcf7_posted_data_hash\" value=\"\" \/><input type=\"hidden\" name=\"_wpcf7cf_hidden_group_fields\" value=\"[]\" \/><input type=\"hidden\" name=\"_wpcf7cf_hidden_groups\" value=\"[]\" \/><input type=\"hidden\" name=\"_wpcf7cf_visible_groups\" value=\"[]\" \/><input type=\"hidden\" name=\"_wpcf7cf_repeaters\" value=\"[]\" \/><input type=\"hidden\" name=\"_wpcf7cf_steps\" value=\"{}\" \/><input type=\"hidden\" name=\"_wpcf7cf_options\" value=\"{&quot;form_id&quot;:4938,&quot;conditions&quot;:[],&quot;settings&quot;:{&quot;animation&quot;:&quot;yes&quot;,&quot;animation_intime&quot;:200,&quot;animation_outtime&quot;:200,&quot;conditions_ui&quot;:&quot;normal&quot;,&quot;notice_dismissed&quot;:false,&quot;notice_dismissed_rollback-cf7-5.8.6&quot;:true,&quot;notice_dismissed_rollback-cf7-5.9.4&quot;:true,&quot;notice_dismissed_rollback-cf7-5.9.8&quot;:true,&quot;notice_dismissed_rollback-cf7-6.0.1&quot;:true,&quot;notice_dismissed_rollback-cf7-6.0.4&quot;:true,&quot;notice_dismissed_rollback-cf7-6.0.6&quot;:true}}\" \/><input type=\"hidden\" name=\"_wpcf7_recaptcha_response\" value=\"\" \/>\n<\/fieldset>\n<div class=\"wf-container\">\n\t<div class=\"wf-cell wf-1-2\">\n\t\t<p><label>First name *<\/label><br \/>\n<span class=\"wpcf7-form-control-wrap\" data-name=\"prenom\"><input size=\"40\" maxlength=\"400\" class=\"wpcf7-form-control wpcf7-text wpcf7-validates-as-required\" aria-required=\"true\" aria-invalid=\"false\" value=\"\" type=\"text\" name=\"prenom\" \/><\/span>\n\t\t<\/p>\n\t<\/div>\n\t<div class=\"wf-cell wf-1-2\">\n\t\t<p><label>Surname *<\/label><br \/>\n<span class=\"wpcf7-form-control-wrap\" data-name=\"nom\"><input size=\"40\" maxlength=\"400\" class=\"wpcf7-form-control wpcf7-text wpcf7-validates-as-required\" aria-required=\"true\" aria-invalid=\"false\" value=\"\" type=\"text\" name=\"nom\" \/><\/span>\n\t\t<\/p>\n\t<\/div>\n\t<div class=\"wf-cell wf-1-2\">\n\t\t<p><label>E-mail *<\/label><br \/>\n<span class=\"wpcf7-form-control-wrap\" data-name=\"email\"><input size=\"40\" maxlength=\"400\" class=\"wpcf7-form-control wpcf7-email wpcf7-validates-as-required wpcf7-text wpcf7-validates-as-email\" aria-required=\"true\" aria-invalid=\"false\" value=\"\" type=\"email\" name=\"email\" \/><\/span>\n\t\t<\/p>\n\t<\/div>\n\t<div class=\"wf-cell wf-1-2\">\n\t\t<p><label>Telephone<\/label><br \/>\n<span class=\"wpcf7-form-control-wrap\" data-name=\"telephone\"><input size=\"40\" maxlength=\"400\" class=\"wpcf7-form-control wpcf7-tel wpcf7-text wpcf7-validates-as-tel\" aria-invalid=\"false\" value=\"\" type=\"tel\" name=\"telephone\" \/><\/span>\n\t\t<\/p>\n\t<\/div>\n<\/div>\n<p><label>Message*<\/label><br \/>\n<span class=\"wpcf7-form-control-wrap\" data-name=\"message\"><textarea cols=\"1\" rows=\"5\" maxlength=\"2000\" class=\"wpcf7-form-control wpcf7-textarea wpcf7-validates-as-required\" aria-required=\"true\" aria-invalid=\"false\" name=\"message\"><\/textarea><\/span>\n<\/p>\n<p><span class=\"wpcf7-form-control-wrap\" data-name=\"privacy\"><span class=\"wpcf7-form-control wpcf7-acceptance\"><span class=\"wpcf7-list-item\"><label><input type=\"checkbox\" name=\"privacy\" value=\"1\" aria-invalid=\"false\" \/><span class=\"wpcf7-list-item-label\">Yes, I give my permission for Yellow Pill to save and use my details in order to process my request.<\/span><\/label><\/span><\/span><\/span>\n<\/p>\n<p><a href=\"https:\/\/www.yellowpill.be\/en\/politique-de-confidentialite\/\" target=\"_blank\">More about our privacy policy.<\/a>\n<\/p>\n<p><input class=\"wpcf7-form-control wpcf7-submit has-spinner\" type=\"submit\" value=\"Send\" \/>\n<\/p><div class=\"wpcf7-response-output\" aria-hidden=\"true\"><\/div>\n<\/form>\n<\/div>\n[\/vc_column][vc_column css_animation=&#8221;fadeIn&#8221; width=&#8221;1\/2&#8243; css=&#8221;.vc_custom_1704813620262{padding-top: 300px !important;background-image: url(https:\/\/www.yellowpill.be\/\/wp-content\/uploads\/2024\/01\/YELLOWPILL-equipe.jpg?id=29276) !important;background-position: center !important;background-repeat: no-repeat !important;background-size: cover !important;}&#8221;][\/vc_column][\/vc_row][vc_row equal_height=&#8221;yes&#8221; el_class=&#8221;custom-zindex&#8221; css=&#8221;.vc_custom_1704816151024{padding-top: 80px !important;}&#8221;][vc_column css=&#8221;.vc_custom_1561620172040{padding-top: 10px !important;}&#8221;][vc_column_text css=&#8221;.vc_custom_1704983207232{margin-bottom: 50px !important;}&#8221;]<\/p>\n<h2 style=\"text-align: center;\">Contact us<\/h2>\n<p>[\/vc_column_text][vc_row_inner content_placement=&#8221;middle&#8221;][vc_column_inner width=&#8221;1\/2&#8243;][vc_column_text]<\/p>\n<h3 style=\"text-align: center;\">Florence Guisset<\/h3>\n<p style=\"text-align: center;\">Founder<\/p>\n<p>[\/vc_column_text]<style type=\"text\/css\" data-type=\"the7_shortcodes-inline-css\">#default-btn-64ae7372eda35ab5bf818a562b0b8cd8.ico-right-side > i {\n  margin-right: 0px;\n  margin-left: 8px;\n}\n#default-btn-64ae7372eda35ab5bf818a562b0b8cd8 > i {\n  margin-right: 8px;\n}<\/style><div class=\"btn-align-center\"><a href=\"tel:0032478210803\" class=\"default-btn-shortcode dt-btn dt-btn-m link-hover-off  vc_custom_1704816542025\" target=\"_blank\" id=\"default-btn-64ae7372eda35ab5bf818a562b0b8cd8\" title=\"Contactez-moi\" rel=\"noopener\"><span>+ 32 478 21 08 03<\/span><\/a><\/div>[\/vc_column_inner][vc_column_inner width=&#8221;1\/2&#8243;][vc_column_text]<\/p>\n<h3 style=\"text-align: center;\">Aur\u00e9lie Geuens<\/h3>\n<p style=\"text-align: center;\">Project &amp; Event Manager<\/p>\n<p>[\/vc_column_text]<style type=\"text\/css\" data-type=\"the7_shortcodes-inline-css\">#default-btn-f46c8b60dbd3db9091c83bc20d6fde80.ico-right-side > i {\n  margin-right: 0px;\n  margin-left: 8px;\n}\n#default-btn-f46c8b60dbd3db9091c83bc20d6fde80 > i {\n  margin-right: 8px;\n}<\/style><div class=\"btn-align-center\"><a href=\"tel:0032477355865\" class=\"default-btn-shortcode dt-btn dt-btn-m link-hover-off  vc_custom_1704816560413\" target=\"_blank\" id=\"default-btn-f46c8b60dbd3db9091c83bc20d6fde80\" title=\"Contactez-moi\" rel=\"noopener\"><span>+ 32 477 35 58 65<\/span><\/a><\/div>[\/vc_column_inner][\/vc_row_inner]<div class=\"ult-spacer spacer-69e12b9436b0e\" data-id=\"69e12b9436b0e\" data-height=\"0\" data-height-mobile=\"60\" data-height-tab=\"0\" data-height-tab-portrait=\"60\" data-height-mobile-landscape=\"60\" style=\"clear:both;display:block;\"><\/div><style type=\"text\/css\" data-type=\"the7_shortcodes-inline-css\">.shortcode-single-image-wrap.shortcode-single-image-3c5ea267f7a423c0ff82a1e90dbd576f.enable-bg-rollover .rollover i,\n.shortcode-single-image-wrap.shortcode-single-image-3c5ea267f7a423c0ff82a1e90dbd576f.enable-bg-rollover .rollover-video i {\n  background: -webkit-linear-gradient();\n  background: linear-gradient();\n}\n.shortcode-single-image-wrap.shortcode-single-image-3c5ea267f7a423c0ff82a1e90dbd576f .rollover-icon {\n  font-size: 32px;\n  color: #ffffff;\n  min-width: 44px;\n  min-height: 44px;\n  line-height: 44px;\n  border-radius: 100px;\n  border-style: solid;\n  border-width: 0px;\n}\n.dt-icon-bg-on.shortcode-single-image-wrap.shortcode-single-image-3c5ea267f7a423c0ff82a1e90dbd576f .rollover-icon {\n  background: rgba(255,255,255,0.3);\n  box-shadow: none;\n}<\/style><div class=\"shortcode-single-image-wrap shortcode-single-image-3c5ea267f7a423c0ff82a1e90dbd576f alignnone fadeIn animate-element  vc_custom_1706266498755 enable-bg-rollover dt-icon-bg-off\" ><div class=\"shortcode-single-image\"><div class=\"fancy-media-wrap  layzr-bg\" style=\"\"><img fetchpriority=\"high\" decoding=\"async\" class=\"preload-me lazy-load aspect\" src=\"data:image\/svg+xml,%3Csvg%20xmlns%3D&#39;http%3A%2F%2Fwww.w3.org%2F2000%2Fsvg&#39;%20viewBox%3D&#39;0%200%20800%20462&#39;%2F%3E\" data-src=\"https:\/\/www.yellowpill.be\/wp-content\/uploads\/2024\/01\/yellowpill-contact-2.jpg\" data-srcset=\"https:\/\/www.yellowpill.be\/wp-content\/uploads\/2024\/01\/yellowpill-contact-2.jpg 800w\" loading=\"eager\" sizes=\"(max-width: 800px) 100vw, 800px\" width=\"800\" height=\"462\"  data-dt-location=\"https:\/\/www.yellowpill.be\/en\/contact\/yellowpill-contact-2-2-2\/\" style=\"--ratio: 800 \/ 462;\" alt=\"\" \/><\/div><\/div><\/div>[\/vc_column][\/vc_row][vc_row bg_type=&#8221;grad&#8221; bg_override=&#8221;ex-full&#8221; bg_grad=&#8221;background: -webkit-gradient(linear, left top, left bottom, color-stop(0%, #FFFFFF), color-stop(100%, #FFF2B3));background: -moz-linear-gradient(top,#FFFFFF 0%,#FFF2B3 100%);background: -webkit-linear-gradient(top,#FFFFFF 0%,#FFF2B3 100%);background: -o-linear-gradient(top,#FFFFFF 0%,#FFF2B3 100%);background: -ms-linear-gradient(top,#FFFFFF 0%,#FFF2B3 100%);background: linear-gradient(top,#FFFFFF 0%,#FFF2B3 100%);&#8221; css=&#8221;.vc_custom_1704814899669{padding-top: 80px !important;padding-bottom: 80px !important;}&#8221;][vc_column][vc_column_text css=&#8221;.vc_custom_1704983225199{margin-bottom: 30px !important;}&#8221;]<\/p>\n<h2 style=\"text-align: center;\">Visit our offices<\/h2>\n<p>[\/vc_column_text][vc_column_text css=&#8221;.vc_custom_1704814849344{margin-bottom: 30px !important;}&#8221;]<\/p>\n<p style=\"text-align: center;\">Route de Genval 32, 1380 Lasne<br \/>\n+32 (0)478 210 803<\/p>\n<p>[\/vc_column_text]<style type=\"text\/css\" data-type=\"the7_shortcodes-inline-css\">.shortcode-single-image-wrap.shortcode-single-image-ba4a57e0e98d140dd1b6b2908434e588.enable-bg-rollover .rollover i,\n.shortcode-single-image-wrap.shortcode-single-image-ba4a57e0e98d140dd1b6b2908434e588.enable-bg-rollover .rollover-video i {\n  background: -webkit-linear-gradient();\n  background: linear-gradient();\n}\n.shortcode-single-image-wrap.shortcode-single-image-ba4a57e0e98d140dd1b6b2908434e588 .rollover-icon {\n  font-size: 32px;\n  color: #ffffff;\n  min-width: 44px;\n  min-height: 44px;\n  line-height: 44px;\n  border-radius: 100px;\n  border-style: solid;\n  border-width: 0px;\n}\n.dt-icon-bg-on.shortcode-single-image-wrap.shortcode-single-image-ba4a57e0e98d140dd1b6b2908434e588 .rollover-icon {\n  background: rgba(255,255,255,0.3);\n  box-shadow: none;\n}<\/style><div class=\"shortcode-single-image-wrap shortcode-single-image-ba4a57e0e98d140dd1b6b2908434e588 alignnone fadeIn animate-element  enable-bg-rollover dt-icon-bg-off\" style=\"margin-top:0px; margin-bottom:0px; margin-left:0px; margin-right:0px; width:600px;\"><div class=\"shortcode-single-image\"><div class=\"fancy-media-wrap  layzr-bg\" style=\"\"><img decoding=\"async\" class=\"preload-me lazy-load aspect\" src=\"data:image\/svg+xml,%3Csvg%20xmlns%3D&#39;http%3A%2F%2Fwww.w3.org%2F2000%2Fsvg&#39;%20viewBox%3D&#39;0%200%20573%20465&#39;%2F%3E\" data-src=\"https:\/\/www.yellowpill.be\/wp-content\/uploads\/2024\/01\/carte-belgique.png\" data-srcset=\"https:\/\/www.yellowpill.be\/wp-content\/uploads\/2024\/01\/carte-belgique.png 573w\" loading=\"eager\" sizes=\"(max-width: 573px) 100vw, 573px\" width=\"573\" height=\"465\"  data-dt-location=\"https:\/\/www.yellowpill.be\/en\/contact\/carte-belgique-2\/\" style=\"--ratio: 573 \/ 465;\" alt=\"\" \/><\/div><\/div><\/div>[\/vc_column][\/vc_row]<\/p>\n<\/div>","protected":false},"excerpt":{"rendered":"<p>[vc_row full_width=&#8221;stretch_row&#8221; full_height=&#8221;yes&#8221; columns_placement=&#8221;stretch&#8221; equal_height=&#8221;yes&#8221; content_placement=&#8221;middle&#8221; bg_type=&#8221;bg_color&#8221; bg_override=&#8221;ex-full&#8221; css=&#8221;.vc_custom_1704813478010{padding-right: 0px !important;}&#8221; bg_color_value=&#8221;#fff2b3&#8243;][vc_column width=&#8221;1\/2&#8243; css=&#8221;.vc_custom_1704813603410{padding-top: 80px !important;padding-right: 10% !important;padding-bottom: 80px !important;}&#8221;][vc_column_text css=&#8221;.vc_custom_1704983197865{margin-bottom: 50px !important;}&#8221;] Leave us a message [\/vc_column_text][\/vc_column][vc_column css_animation=&#8221;fadeIn&#8221; width=&#8221;1\/2&#8243; css=&#8221;.vc_custom_1704813620262{padding-top: 300px !important;background-image: url(https:\/\/www.yellowpill.be\/\/wp-content\/uploads\/2024\/01\/YELLOWPILL-equipe.jpg?id=29276) !important;background-position: center !important;background-repeat: no-repeat !important;background-size: cover !important;}&#8221;][\/vc_column][\/vc_row][vc_row equal_height=&#8221;yes&#8221; el_class=&#8221;custom-zindex&#8221; css=&#8221;.vc_custom_1704816151024{padding-top: 80px !important;}&#8221;][vc_column css=&#8221;.vc_custom_1561620172040{padding-top: 10px !important;}&#8221;][vc_column_text css=&#8221;.vc_custom_1704983207232{margin-bottom: 50px !important;}&#8221;] Contact us [\/vc_column_text][vc_row_inner&hellip;<\/p>\n","protected":false},"author":3,"featured_media":0,"parent":0,"menu_order":5,"comment_status":"closed","ping_status":"closed","template":"","meta":{"inline_featured_image":false,"footnotes":""},"class_list":["post-4941","page","type-page","status-publish","hentry","description-off"],"yoast_head":"<!-- This site is optimized with the Yoast SEO plugin v26.8 - https:\/\/yoast.com\/product\/yoast-seo-wordpress\/ -->\n<title>Contactez Yellow Pill, l&#039;agence de communication sant\u00e9 Belge<\/title>\n<meta name=\"description\" content=\"Ensemble, g\u00e9n\u00e9rons de l\u2019engagement envers votre marque !\" \/>\n<meta name=\"robots\" content=\"index, follow, max-snippet:-1, max-image-preview:large, max-video-preview:-1\" \/>\n<link rel=\"canonical\" href=\"https:\/\/www.yellowpill.be\/en\/contact\/\" \/>\n<meta property=\"og:locale\" content=\"en_US\" \/>\n<meta property=\"og:type\" content=\"article\" \/>\n<meta property=\"og:title\" content=\"Contactez Yellow Pill, l&#039;agence de communication sant\u00e9 Belge\" \/>\n<meta property=\"og:description\" content=\"Ensemble, g\u00e9n\u00e9rons de l\u2019engagement envers votre marque !\" \/>\n<meta property=\"og:url\" content=\"https:\/\/www.yellowpill.be\/en\/contact\/\" \/>\n<meta property=\"og:site_name\" content=\"Yellow Pill\" \/>\n<meta property=\"article:modified_time\" content=\"2024-01-26T11:25:30+00:00\" \/>\n<meta name=\"twitter:card\" content=\"summary_large_image\" \/>\n<meta name=\"twitter:label1\" content=\"Est. reading time\" \/>\n\t<meta name=\"twitter:data1\" content=\"2 minutes\" \/>\n<script type=\"application\/ld+json\" class=\"yoast-schema-graph\">{\"@context\":\"https:\/\/schema.org\",\"@graph\":[{\"@type\":\"WebPage\",\"@id\":\"https:\/\/www.yellowpill.be\/en\/contact\/\",\"url\":\"https:\/\/www.yellowpill.be\/en\/contact\/\",\"name\":\"Contactez Yellow Pill, l'agence de communication sant\u00e9 Belge\",\"isPartOf\":{\"@id\":\"https:\/\/www.yellowpill.be\/#website\"},\"datePublished\":\"2019-06-25T08:43:31+00:00\",\"dateModified\":\"2024-01-26T11:25:30+00:00\",\"description\":\"Ensemble, g\u00e9n\u00e9rons de l\u2019engagement envers votre marque !\",\"breadcrumb\":{\"@id\":\"https:\/\/www.yellowpill.be\/en\/contact\/#breadcrumb\"},\"inLanguage\":\"en-US\",\"potentialAction\":[{\"@type\":\"ReadAction\",\"target\":[\"https:\/\/www.yellowpill.be\/en\/contact\/\"]}]},{\"@type\":\"BreadcrumbList\",\"@id\":\"https:\/\/www.yellowpill.be\/en\/contact\/#breadcrumb\",\"itemListElement\":[{\"@type\":\"ListItem\",\"position\":1,\"name\":\"Home\",\"item\":\"https:\/\/www.yellowpill.be\/en\/\"},{\"@type\":\"ListItem\",\"position\":2,\"name\":\"Contact\"}]},{\"@type\":\"WebSite\",\"@id\":\"https:\/\/www.yellowpill.be\/#website\",\"url\":\"https:\/\/www.yellowpill.be\/\",\"name\":\"Yellow Pill\",\"description\":\"\",\"potentialAction\":[{\"@type\":\"SearchAction\",\"target\":{\"@type\":\"EntryPoint\",\"urlTemplate\":\"https:\/\/www.yellowpill.be\/?s={search_term_string}\"},\"query-input\":{\"@type\":\"PropertyValueSpecification\",\"valueRequired\":true,\"valueName\":\"search_term_string\"}}],\"inLanguage\":\"en-US\"}]}<\/script>\n<!-- \/ Yoast SEO plugin. -->","yoast_head_json":{"title":"Contactez Yellow Pill, l'agence de communication sant\u00e9 Belge","description":"Ensemble, g\u00e9n\u00e9rons de l\u2019engagement envers votre marque !","robots":{"index":"index","follow":"follow","max-snippet":"max-snippet:-1","max-image-preview":"max-image-preview:large","max-video-preview":"max-video-preview:-1"},"canonical":"https:\/\/www.yellowpill.be\/en\/contact\/","og_locale":"en_US","og_type":"article","og_title":"Contactez Yellow Pill, l'agence de communication sant\u00e9 Belge","og_description":"Ensemble, g\u00e9n\u00e9rons de l\u2019engagement envers votre marque !","og_url":"https:\/\/www.yellowpill.be\/en\/contact\/","og_site_name":"Yellow Pill","article_modified_time":"2024-01-26T11:25:30+00:00","twitter_card":"summary_large_image","twitter_misc":{"Est. reading time":"2 minutes"},"schema":{"@context":"https:\/\/schema.org","@graph":[{"@type":"WebPage","@id":"https:\/\/www.yellowpill.be\/en\/contact\/","url":"https:\/\/www.yellowpill.be\/en\/contact\/","name":"Contactez Yellow Pill, l'agence de communication sant\u00e9 Belge","isPartOf":{"@id":"https:\/\/www.yellowpill.be\/#website"},"datePublished":"2019-06-25T08:43:31+00:00","dateModified":"2024-01-26T11:25:30+00:00","description":"Ensemble, g\u00e9n\u00e9rons de l\u2019engagement envers votre marque !","breadcrumb":{"@id":"https:\/\/www.yellowpill.be\/en\/contact\/#breadcrumb"},"inLanguage":"en-US","potentialAction":[{"@type":"ReadAction","target":["https:\/\/www.yellowpill.be\/en\/contact\/"]}]},{"@type":"BreadcrumbList","@id":"https:\/\/www.yellowpill.be\/en\/contact\/#breadcrumb","itemListElement":[{"@type":"ListItem","position":1,"name":"Home","item":"https:\/\/www.yellowpill.be\/en\/"},{"@type":"ListItem","position":2,"name":"Contact"}]},{"@type":"WebSite","@id":"https:\/\/www.yellowpill.be\/#website","url":"https:\/\/www.yellowpill.be\/","name":"Yellow Pill","description":"","potentialAction":[{"@type":"SearchAction","target":{"@type":"EntryPoint","urlTemplate":"https:\/\/www.yellowpill.be\/?s={search_term_string}"},"query-input":{"@type":"PropertyValueSpecification","valueRequired":true,"valueName":"search_term_string"}}],"inLanguage":"en-US"}]}},"_links":{"self":[{"href":"https:\/\/www.yellowpill.be\/en\/wp-json\/wp\/v2\/pages\/4941","targetHints":{"allow":["GET"]}}],"collection":[{"href":"https:\/\/www.yellowpill.be\/en\/wp-json\/wp\/v2\/pages"}],"about":[{"href":"https:\/\/www.yellowpill.be\/en\/wp-json\/wp\/v2\/types\/page"}],"author":[{"embeddable":true,"href":"https:\/\/www.yellowpill.be\/en\/wp-json\/wp\/v2\/users\/3"}],"replies":[{"embeddable":true,"href":"https:\/\/www.yellowpill.be\/en\/wp-json\/wp\/v2\/comments?post=4941"}],"version-history":[{"count":5,"href":"https:\/\/www.yellowpill.be\/en\/wp-json\/wp\/v2\/pages\/4941\/revisions"}],"predecessor-version":[{"id":30673,"href":"https:\/\/www.yellowpill.be\/en\/wp-json\/wp\/v2\/pages\/4941\/revisions\/30673"}],"wp:attachment":[{"href":"https:\/\/www.yellowpill.be\/en\/wp-json\/wp\/v2\/media?parent=4941"}],"curies":[{"name":"wp","href":"https:\/\/api.w.org\/{rel}","templated":true}]}}